{"id":4910,"date":"2020-01-28T10:52:04","date_gmt":"2020-01-28T10:52:04","guid":{"rendered":"https:\/\/niran.ro\/?page_id=4910"},"modified":"2026-04-21T11:58:08","modified_gmt":"2026-04-21T11:58:08","slug":"politici-de-confidentialitate","status":"publish","type":"page","link":"https:\/\/niran.ro\/ro\/politici-de-confidentialitate\/","title":{"rendered":"Politica de Confiden\u021bialitate"},"content":{"rendered":"\n<p><strong>POLITICA PRIVIND PRELUCRAREA DATELOR CU CARACTER PERSONAL<\/strong><br>Prezenta Politic\u0103 are scopul de a v\u0103 prezenta modul \u00een care NIRAN CO. PRODUCTS S.R.L. prelucreaz\u0103 datele cu caracter personal atunci c\u00e2nd utiliza\u021bi acest site de internet.<br>De asemenea, prin aceast\u0103 Politic\u0103, v\u0103 inform\u0103m despre drepturile persoanelor vizate \u00een conformitate cu prevederile Regulamentului (UE) 2016\/679 al Parlamentului European \u0219i al Consiliului din 27 aprilie 2016 (denumit \u00een continuare GDPR) \u0219i legisla\u021bia na\u021bional\u0103 privind protec\u021bia \u0219i securitatea datelor cu caracter personal, denumite \u00een continuare Legisla\u021bia GDPR.<br>Prin prelucrare se va \u00een\u021belege orice opera\u0163iune sau set de opera\u0163iuni efectuate asupra datelor cu caracter personal sau asupra seturilor de date cu caracter personal, cu sau f\u0103r\u0103 utilizarea de mijloace automatizate, cum ar fi colectarea, \u00eenregistrarea, organizarea, structurarea, stocarea, adaptarea sau modificarea, extragerea, consultarea, utilizarea, divulgarea prin transmitere, diseminarea sau punerea la dispozi\u0163ie \u00een orice alt mod, alinierea sau combinarea, restric\u0163ionarea, \u015ftergerea sau distrugerea.<\/p>\n\n\n\n<p><strong>1.<\/strong> <strong>CINE SUNTEM?<\/strong><\/p>\n\n\n\n<p>NIRAN CO. PRODUCTS S.R.L. este operator de date cu caracter personal, cu sediul social \u00een Bucure\u0219ti, \u0219os. Viilor 19A, sector 5, \u00eenregistrat\u0103 la Registrul Comer\u021bului sub nr. J40\/28260\/1994, Cod Unic de \u00cenregistrare 6718140, atribut fiscal RO, adres\u0103 de e-mail dpo@niran.ro. \u00cen cuprinsul acestui document, NIRAN CO. PRODUCTS S.R.L. va fi denumit\u0103 <em>\u201dNIRAN\u201d<\/em> sau <em>\u201dOperatorul\u201d<\/em>.<br>\u00cen conformitate cu Legisla\u0163ia GDPR \u00een vigoare, NIRAN are obliga\u0163ia de a administra \u00een condi\u0163ii de siguran\u0163\u0103 \u015fi numai pentru scopurile specificate, datele cu caracter personal care \u00eei sunt furnizate. NIRAN prelucreaz\u0103 datele cu caracter personal \u00een condi\u021bii de legitimitate, implement\u00e2nd m\u0103suri tehnice \u0219i organizatorice adecvate pentru asigurarea integrit\u0103\u021bii \u0219i confiden\u021bialit\u0103\u021bii datelor conform prevederilor Legisla\u021biei GDPR.<\/p>\n\n\n\n<p><strong>2. CE DATE CU CARACTER PERSONAL PRELUCR\u0102M? SCOPURI \u015eI TEMEIURI LEGALE<\/strong><br>\u00cen principiu, orice informa\u021bie care identific\u0103 sau poate identifica, direct sau indirect, o persoan\u0103 fizic\u0103 este <em>o dat\u0103 cu caracter personal.<\/em><br>NIRAN prelucreaz\u0103 urm\u0103toarele categorii de date cu caracter personal dup\u0103 cum urmeaz\u0103:<br>a) <em>\u00cen scopul func\u0163ion\u0103rii site-ului de internet, al acces\u0103rii \u015fi utiliz\u0103rii acestuia de c\u0103tre vizitatori, precum \u0219i pentru \u00eembun\u0103t\u0103\u021birea serviciilor oferite:<\/em> informa\u0163ii transmise automat, f\u0103r\u0103 interven\u021bia vizitatorului, de browser-ul echipamentului utilizat c\u0103tre server-ul NIRAN (cum ar fi adresa IP a echipamentului care este anonimizat\u0103), precum \u015fi date colectate prin intermediul unor cookie-uri \u0219i tehnologii similare (ex. pixeli)[A3.1], conform detaliilor furnizate \u00een Politica de cookies.<br>Temeiul legal al acestei prelucr\u0103ri poate fi, dup\u0103 caz, consim\u021b\u0103m\u00e2ntul dumneavoastr\u0103 exprimat prin acceptarea cookie-urilor op\u021bionale (articolul 6 alineatul 1) litera a) din GDPR) sau urm\u0103rirea interesului legitim al NIRAN de func\u021bionare corect\u0103 a site-ului \u00een ceea ce prive\u0219te cookie-urile strict necesare (articolul 6 alineatul 1) litera f) din GDPR).<br>b) <em>\u00cen scopul comunic\u0103rii scrise sau verbale cu NIRAN, inclusiv pentru solu\u021bionarea solicit\u0103rilor\/ cererilor persoanelor vizate \u0219i inserarea de comentarii\/ puncte de vedere publice la articolele publicate pe Site (ex. sec\u021biunea BLOG)<\/em>: nume, prenume, adres\u0103 de e-mail, alte date comunicate de persoana vizat\u0103 \u00een textul\/ cadrul mesajului\/ comunic\u0103rii scrise sau verbale. V\u0103 \u00eencuraj\u0103m cu t\u0103rie s\u0103 ne furniza\u021bi doar acele date cu caracter personal care sunt relevante \u0219i necesare \u00een scopul comunic\u0103rii cu NIRAN \u0219i s\u0103 exclude\u021bi orice alte date. Pute\u0163i comunica cu NIRAN prin intermediul conturilor de re\u021bele sociale, al telefonului \u0219i\/sau al e-mail-ului.<br>De asemenea, putem avea acces la profilul de social media, respectiv putem prelucra datele de profil (ex. nume de utilizator, poz\u0103 de profil, orice alt\u0103 informa\u021bie furnizat\u0103 re\u021belei sociale) sau comentariile dumneavoastr\u0103 atunci c\u00e2nd interac\u021biona\u021bi cu NIRAN prin intermediul acestor canale de comunicare (ex. c\u00e2nd ne urm\u0103ri\u021bi sau partaja\u021bi con\u021binutul pe platformele de social media utilizate).<br>Temeiul legal al acestei prelucr\u0103ri poate fi, dup\u0103 caz, consim\u021b\u0103m\u00e2ntul dumneavoastr\u0103 exprimat, de exemplu, prin introducerea datelor cu caracter personal \u00een emailul trimis c\u0103tre NIRAN (articolul 6 alineatul 1) litera a) din GDPR), \u00eendeplinirea de c\u0103tre NIRAN a unei obliga\u021bii legale (articolul 6 alineatul 1) litera c) din GDPR) sau urm\u0103rirea interesului legitim al NIRAN de comunicare cu dumneavoastr\u0103 \u00eentr-un caz concret (articolul 6 alineatul 1) litera f) din GDPR).<br>c) \u00cen scopul \u00eendeplinirii obliga\u0163iilor legale care revin NIRAN, dup\u0103 caz: datele cu caracter personal pot fi prelucrate, de exemplu, pentru solu\u0163ionarea reclama\u0163iilor persoanelor vizate, pentru furnizarea de date c\u0103tre autorit\u0103\u021bile competente, \u00een scopul arhiv\u0103rii documentelor conform cerin\u021belor legale etc., av\u00e2nd \u00een vedere legisla\u021bia aplicabil\u0103 (ex. Codul de Procedur\u0103 Civil\u0103\/ Penal\u0103, GDPR etc.).<br>Temeiul legal al acestei prelucr\u0103ri este articolul 6 alineatul 1) litera c) din GDPR.<br>d) \u00cen scopul urm\u0103ririi unor interese legitime ale NIRAN: datele cu caracter personal identificate mai sus pot fi prelucrate, de exemplu, pentru administrarea \u0219i \u00eembun\u0103t\u0103\u021birea activit\u0103\u021bii \u0219i site-ului NIRAN, comunicarea\/ coresponden\u0163a cu dumneavoastr\u0103, solu\u021bionarea pl\u00e2ngerilor\/ sesiz\u0103rilor primite de la persoanele vizate, diverse eviden\u021be interne, pentru formularea de ap\u0103r\u0103ri de c\u0103tre NIRAN, respectiv constatarea, exercitarea sau ap\u0103rarea unui drept \u00een instan\u0163\u0103, arhivarea documentelor.<br>Temeiul legal al acestei prelucr\u0103ri este articolul 6 alineatul 1) litera f) din GDPR.<br>NIRAN \u00ee\u0219i rezerv\u0103 dreptul de a solicita alte date necesare pentru desf\u0103\u015furarea activit\u0103\u0163ii sale, \u00een conformitate cu prevederile legale aplicabile.<br>V\u0103 inform\u0103m c\u0103, dac\u0103 decide\u0163i s\u0103 nu ne furniza\u0163i informa\u021biile solicitate, este posibil ca cererea dumneavoastr\u0103 s\u0103 nu poat\u0103 fi solu\u021bionat\u0103 \u0219i s\u0103 nu pute\u0163i beneficia de serviciile NIRAN sau de func\u021bionalit\u0103\u021bi ale paginii de internet.<\/p>\n\n\n\n<p><strong>3. CINE SUNT PERSOANELE VIZATE?<\/strong><\/p>\n\n\n\n<p>\u00cen contextul acestei Politici, termenul persoane vizate se refer\u0103 la: a) vizitatorii site-ului de internet https:\/\/niran.ro \u0219i, dup\u0103 caz, ai conturilor de re\u021bele sociale (ex. Facebook), b) persoanele ale c\u0103ror date sunt furnizate NIRAN de vizitatori ai site-ului \u015fi de alte persoane, c) persoanele care contacteaz\u0103 NIRAN prin canalele puse la dispozi\u0163ia publicului (ex. email, telefon, formular din site, conturi de social media).<br>NIRAN colecteaz\u0103 date cu caracter personal fie direct de la persoana vizat\u0103, fie indirect de la ter\u021bi. De exemplu, colect\u0103m datele cu caracter personal direct de la dumneavoastr\u0103 atunci c\u00e2nd: ne contacta\u021bi la sediul NIRAN, pe e-mail, telefonic, prin intermediul formularului din site sau al unei re\u021bele de socializare. Colect\u0103m indirect date cu caracter personal prin intermediul altor persoane vizate, al entit\u0103\u021bilor juridice pentru care ac\u021biona\u021bi \u00een calitate de reprezentant\/ persoan\u0103 de contact\/ \u00eemputernicit, al operatorilor priva\u021bi sau publici, inclusiv al autorit\u0103\u021bilor statului \u0219i al instan\u021belor de judecat\u0103, precum \u0219i din surse\/ documente publice, numai dac\u0103 este cazul.<br>\u00cen cazul \u00een care NIRAN prime\u0219te datele cu caracter personal ale unei persoane vizate de la o alt\u0103 persoan\u0103 vizat\u0103 sau de la un ter\u021b, aceasta\/ acesta are obliga\u021bia de a informa respectivele persoane vizate cu privire la prelucrarea datelor cu caracter personal.<br>Atunci c\u00e2nd vizita\u0163i site-ul nostru de internet \u015fi efectua\u0163i clic pe sigla unuia dintre serviciile de social media, sunte\u0163i redirec\u0163ionat c\u0103tre respectiva pagin\u0103 extern\u0103 a acestui serviciu de re\u0163ea. Atunci c\u00e2nd da\u0163i din nou clic pe unul dintre butoane, \u00een timp ce sunte\u0163i logat la unul dintre servicii, informa\u0163ia c\u0103 a\u0163i vizitat site-ul nostru poate fi asociat\u0103 cu contul dumneavoastr\u0103 de utilizator. \u00cen cazul \u00een care sunte\u0163i membru la unul dintre aceste servicii \u015fi nu dori\u0163i ca re\u0163elele sociale s\u0103 colecteze date despre dumneavoastr\u0103 prin oferta online \u015fi s\u0103 le asocieze cu datele dumneavoastr\u0103 de membru, \u00eenainte de a efectua clic pe o sigl\u0103 care apar\u021bine, de exemplu, Facebook, trebuie s\u0103 v\u0103 deloga\u0163i. Subliniem faptul c\u0103 \u00een calitate de operator al acestei pagini nu primim informa\u0163ii despre con\u0163inutul datelor transmise \u015fi utilizarea acestora de c\u0103tre serviciile de social media.<br>\u00cen cazul \u00een care alege\u021bi s\u0103 comunica\u021bi cu noi prin intermediul re\u021belelor de socializate, preciz\u0103m faptul c\u0103 operatorii de date care administreaz\u0103 aceste platforme prelucreaz\u0103 la r\u00e2ndul lor datele cu caracter personal \u0219i con\u021binutul mesajelor transmise prin aceste mijloace, conform politicilor proprii de prelucrare date cu caracter personal\/ de confiden\u021bialitate, pe care v\u0103 invit\u0103m s\u0103 le parcurge\u021bi cu aten\u021bie \u00eenainte de a interac\u0163iona cu noi prin intermediul acestora.<\/p>\n\n\n\n<p><strong>4.<\/strong> <strong>C\u00c2T TIMP PRELUCR\u0102M DATELE CU CARACTER PERSONAL?<\/strong><br>Datele cu caracter personal sunt prelucrate pe o perioad\u0103 limitat\u0103 de timp, astfel cum este necesar desf\u0103\u0219ur\u0103rii activit\u0103\u021bii NIRAN raportat\u0103 scopului prelucr\u0103rii \u0219i prevederilor legale aplicabile.<br>De exemplu, coresponden\u021ba cu dumneavoastr\u0103 aferent\u0103 unei solicit\u0103ri adresate NIRAN, inclusiv datele cu caracter personal incluse \u00een aceasta, precum \u0219i documentele \u0219i informa\u021biile care stau la baza r\u0103spunsului formulat, vor fi p\u0103strate pentru o perioad\u0103 de maximum 3 ani (termenul legal general de prescrip\u021bie) de la finalizarea coresponden\u021bei purtate cu dumneavoastr\u0103 cu privire la respectiva solicitare, \u00een vederea formul\u0103rii de ap\u0103r\u0103ri, dac\u0103 nu exist\u0103 o prevedere legal\u0103 care oblig\u0103 la p\u0103strarea datelor pentru o perioad\u0103 mai mare de timp.<br>Dac\u0103 prelucrarea este bazat\u0103 pe consim\u021b\u0103m\u00e2nt (ex. \u00een scop de comunic\u0103ri comerciale), datele cu caracter personal sunt stocate pe durata valabilit\u0103\u021bii consim\u021b\u0103m\u00e2ntului, la care se adaug\u0103 o perioad\u0103 de 3 (trei) ani \u2013 termenul general de prescrip\u021bie \u2013 de la retragerea acestuia. \u00cen situa\u021bia \u00een care v\u0103 retrage\u021bi consim\u021b\u0103m\u00e2ntul, datele cu caracter personal nu vor mai fi prelucrate \u00een acest scop din momentul retragerii consim\u021b\u0103m\u00e2ntului.<br>Ulterior, dup\u0103 ce termenele de p\u0103strare expir\u0103, NIRAN va proceda la \u015ftergerea datelor cu caracter personal.<\/p>\n\n\n\n<p><strong>5.<\/strong> <strong>CUI TRANSMITEM DATELE CU CARACTER PERSONAL?<\/strong><\/p>\n\n\n\n<p>Datele cu caracter personal sunt destinate utiliz\u0103rii de c\u0103tre NIRAN, \u00een calitate de operator de date \u015fi pot fi comunicate urm\u0103torilor destinatari, dac\u0103 este cazul:<br>a) institu\u021bii\/ autorit\u0103\u021bi centrale \u0219i locale \u00een vederea \u00eendeplinirii obliga\u021biilor legale ale NIRAN (ex. ANAF, executori judec\u0103tore\u0219ti, registre publice, poli\u021bie, parchet, ANPC etc.);<br>b) instan\u021be de judecat\u0103 \u00een vederea formul\u0103rii de ac\u021biuni, ap\u0103r\u0103ri \u0219i reprezent\u0103rii \u00een instan\u021b\u0103;<br>c) colaboratori\/ furnizori [A10.1]de servicii utiliza\u021bi de c\u0103tre NIRAN \u00een activitatea sa inclusiv, dar f\u0103r\u0103 a se limita la domenii precum: IT, g\u0103zduire server, mentenan\u021b\u0103 \u0219i administrare site de internet, servicii juridice, PR \u0219i marketing etc.<br>Dezv\u0103luirea datelor c\u0103tre ter\u021bi se face conform prevederilor legale pentru categoriile de destinatari preciza\u021bi anterior, care au luat m\u0103suri adecvate de protec\u0163ie, conform prevederilor legale, pentru a asigura c\u0103 ace\u015ftia \u00ee\u015fi respect\u0103 obliga\u0163iile privind protec\u0163ia datelor cu caracter personal.<br>NIRAN poate transfera date cu caracter personal c\u0103tre \u021b\u0103ri din afara Uniunii Europene sau Spa\u021biului Economic European (a\u0219a-numitele \u021b\u0103ri ter\u021be) recunoscute de Comisia European\u0103 cu un nivel adecvat de protec\u021bie a datelor cu caracter personal sau, dac\u0103 nu, numai dac\u0103 un nivel de protec\u021bie a datelor cu caracter personal adecvat\u0103 cu cea a Uniunii Europene, este garantat\u0103 \u00een mod contractual de beneficiarii situa\u021bi \u00een \u021bara ter\u021b\u0103 (de exemplu, prin semnarea clauzelor contractuale standard prev\u0103zute de Comisia European\u0103). Informa\u021bii suplimentare pot fi solicitate \u00een scris la adresa de e-mail dpo@niran.ro<\/p>\n\n\n\n<p><strong>6. CARE SUNT DREPTURILE PERSOANEI VIZATE \u0218I CUM POT FI EXERCITATE?<\/strong><\/p>\n\n\n\n<p>Conform prevederilor legale aplicabile (articolele 12-22 din GDPR), persoan\u0103 vizat\u0103 are urm\u0103toarele drepturi:<br>a) dreptul de acces, respectiv dreptul de a ob\u021bine confirmarea faptului c\u0103 datele cu caracter personal sunt prelucrate sau nu de c\u0103tre NIRAN, iar \u00een caz afirmativ, de a ob\u021bine accesul la acestea, precum \u0219i anumite informa\u021bii, inclusiv prin furnizarea unei copii a datelor cu caracter personal prelucrate;<br>b) dreptul la rectificare, respectiv dreptul de a ob\u021bine rectificarea datelor cu caracter personal inexacte \u0219i completarea celor incomplete;<br>c) dreptul la \u0219tergerea datelor (\u201ddreptul de a fi uitat\u201d), care poate fi exercitat \u00een situa\u021biile reglementate expres de lege (de exemplu, \u00een cazul retragerii consim\u021b\u0103m\u00e2ntului sau \u00een cazul \u00een care se constat\u0103 c\u0103 prelucrarea datelor cu caracter personal nu a fost legal\u0103);<br>d) dreptul la restric\u0163ionarea prelucr\u0103rii, care poate fi exercitat \u00een situa\u021biile reglementate expres de GDPR (de exemplu, \u00een cazul \u00een care se contesta exactitatea datelor cu caracter personal pe perioada necesar\u0103 pentru clarificarea situa\u021biei sau \u00een cazul \u00een care prelucrarea este ilegal\u0103, \u0219i nu se dore\u0219te \u0219tergerea datelor, ci doar restric\u021bionarea prelucr\u0103rii acestora);<br>e) dreptul la portabilitatea datelor, \u00een temeiul c\u0103ruia persoana vizat\u0103 poate primi datele sale cu caracter personal pe care NIRAN le prelucreaz\u0103 prin mijloace automate, \u00een executarea unui contract sau \u00een baza consim\u021b\u0103m\u00e2ntului persoanei vizate, \u00eentr-un format structurat, care poate fi citit automat, sau poate solicita c\u0103 datele cu caracter personal s\u0103 fie transmise altui operator de date;<br>f) dreptul la opozi\u0163ie \u00een situa\u0163ia prelucr\u0103rilor efectuate \u00een temeiul art. 6 alin. (1) lit. f) din GDPR, \u00een temeiul c\u0103ruia persoana vizat\u0103 se poate opune \u00een orice moment, din motive legate de situa\u021bia particular\u0103 \u00een care se afl\u0103, prelucr\u0103rilor \u00eentemeiate pe interesul legitim al NIRAN (inclusiv cre\u0103rii de profiluri) sau realizate \u00een exerci\u021biul unui interes public sau al unei autoriz\u0103ri cu care este investit Operatorul; \u00een cazul exercit\u0103rii acestui drept, NIRAN nu va mai prelucra datele cu caracter personal, cu excep\u021bia cazului \u00een care demonstreaz\u0103 c\u0103 are motive legitime \u0219i imperioase care justific\u0103 prelucrarea \u0219i care prevaleaz\u0103 asupra intereselor, drepturilor \u0219i libert\u0103\u021bilor persoanei vizate sau c\u0103 scopul este constatarea, exercitarea sau ap\u0103rarea unui drept \u00een instan\u021b\u0103;<br>g) dreptul de a solicita \u0219i a ob\u021bine retragerea, anularea sau reevaluarea oric\u0103rei decizii luate \u00een privin\u021ba dumneavoastr\u0103, care produce efecte juridice \u0219i care se bazeaz\u0103 exclusiv pe prelucrarea automat\u0103; preciz\u0103m c\u0103, \u00een prezent, NIRAN nu prelucreaz\u0103 date \u00een baza unui proces decizional individual automatizat;<br>h) dreptul de a retrage consim\u021b\u0103m\u00e2ntul pentru prelucrarea datelor cu caracter personal bazate pe acest temei legal, \u00een orice moment, f\u0103r\u0103 a afecta legalitatea prelucr\u0103rii efectuate pe baza consim\u021b\u0103m\u00e2ntului \u00eenainte de retragerea acestuia;<br>i) dreptul de a se adresa Autorit\u0103\u021bii Na\u021bionale de Supraveghere a Prelucr\u0103rii Datelor cu Caracter Personal sau unei instan\u0163e competente; \u00een cazul \u00een care persoana vizat\u0103 consider\u0103 c\u0103 drepturile de care beneficiaz\u0103 au fost \u00eenc\u0103lcate, aceasta se poate adresa oric\u00e2nd, cu o pl\u00e2ngere sau o sesizare \u00een acest sens, Autorit\u0103\u0163ii Na\u0163ionale de Supraveghere a Prelucr\u0103rii Datelor cu Caracter Personal, cu sediul \u00een Bucure\u0219ti, B-dul G-ral. Gheorghe Magheru 28-30, Sector 1, cod po\u0219tal 010336, Rom\u00e2nia, www.dataprotection.ro. De asemenea, poate introduce o ac\u0163iune \u00een justi\u0163ie, pe rolul instan\u0163elor judec\u0103tore\u015fti competente.<\/p>\n\n\n\n<p>Pentru exercitarea drepturilor de mai sus, v\u0103 rug\u0103m s\u0103 ne contacta\u021bi la adresa: NIRAN CO. PRODUCTS S.R.L., Bucure\u0219ti, \u0219os. Viilor 19A, sector 5, sau pe adresa de e-mail dpo@niran.ro NIRAN va r\u0103spunde \u00een termen de o lun\u0103 de zile de la primirea solicit\u0103rii, conform GDPR, perioad\u0103 care poate fi prelungit\u0103 cu dou\u0103 luni atunci c\u00e2nd este necesar, \u021bin\u00e2ndu-se seama de complexitatea \u0219i num\u0103rul cererilor aflate \u00een curs de solu\u021bionare \u00een cadrul NIRAN. NIRAN va transmite o informare \u00een acest sens.<\/p>\n\n\n\n<p><\/p>\n","protected":false},"excerpt":{"rendered":"<p>POLITICA PRIVIND PRELUCRAREA DATELOR CU CARACTER PERSONALPrezenta Politic\u0103 are scopul de a v\u0103 prezenta modul \u00een care NIRAN CO. PRODUCTS S.R.L. prelucreaz\u0103 datele cu caracter personal atunci c\u00e2nd utiliza\u021bi acest site de internet.De asemenea, prin aceast\u0103 Politic\u0103, v\u0103 inform\u0103m despre drepturile persoanelor vizate \u00een conformitate cu prevederile Regulamentului (UE) 2016\/679 al Parlamentului European \u0219i al [&hellip;]<\/p>\n","protected":false},"author":2,"featured_media":0,"parent":0,"menu_order":0,"comment_status":"closed","ping_status":"closed","template":"","meta":{"_acf_changed":false,"footnotes":""},"class_list":["post-4910","page","type-page","status-publish","hentry"],"acf":[],"_links":{"self":[{"href":"https:\/\/niran.ro\/ro\/wp-json\/wp\/v2\/pages\/4910","targetHints":{"allow":["GET"]}}],"collection":[{"href":"https:\/\/niran.ro\/ro\/wp-json\/wp\/v2\/pages"}],"about":[{"href":"https:\/\/niran.ro\/ro\/wp-json\/wp\/v2\/types\/page"}],"author":[{"embeddable":true,"href":"https:\/\/niran.ro\/ro\/wp-json\/wp\/v2\/users\/2"}],"replies":[{"embeddable":true,"href":"https:\/\/niran.ro\/ro\/wp-json\/wp\/v2\/comments?post=4910"}],"version-history":[{"count":11,"href":"https:\/\/niran.ro\/ro\/wp-json\/wp\/v2\/pages\/4910\/revisions"}],"predecessor-version":[{"id":7924,"href":"https:\/\/niran.ro\/ro\/wp-json\/wp\/v2\/pages\/4910\/revisions\/7924"}],"wp:attachment":[{"href":"https:\/\/niran.ro\/ro\/wp-json\/wp\/v2\/media?parent=4910"}],"curies":[{"name":"wp","href":"https:\/\/api.w.org\/{rel}","templated":true}]}}