{"id":2205,"date":"2016-09-30T12:04:37","date_gmt":"2016-09-30T12:04:37","guid":{"rendered":"https:\/\/niran.ro\/site\/ro\/terms-conditions\/"},"modified":"2017-06-14T08:31:45","modified_gmt":"2017-06-14T08:31:45","slug":"terms-conditions","status":"publish","type":"page","link":"https:\/\/niran.ro\/ro\/terms-conditions\/","title":{"rendered":"Termeni \u0219i condi\u021bii"},"content":{"rendered":"<p><a href=\"http:\/\/www.niran.ro\">www.niran.ro<\/a> (&#8222;<strong>Website<\/strong>&#8222;) apar\u021bine \u00a0Niran Co Products (<strong>NIRAN<\/strong>) \u00eenregistrat\u00a0la adresa din \u0218os\u00a0Viilor\u00a019A (Bucure\u0219ti, Rom\u00e2nia),\u00a0CIF: RO6718140,\u00a0num\u0103r de \u00eenregistrare:\u00a0J40\/28260\/1994.<\/p>\n<p><b><span style=\"background: white; color: #6a7683; line-height: 115%; font-family: 'Verdana','sans-serif'; font-size: 8.5pt;\">1. Prin utilizarea acestui Site, sunte\u021bi de acord cu aceste condi\u021bii de utilizare<\/span><\/b><\/p>\n<p>Accesul \u0219i utilizarea acestui Site sunt supuse urm\u0103toarelor condi\u021bii de utilizare \u0219i tuturor legilor \u0219i regulamentelor aplicabile. Acces\u00e2nd \u0219i utiliz\u00e2nd Site-ul, accepta\u021bi, f\u0103r\u0103 limit\u0103ri sau calific\u0103ri, aceste condi\u021bii \u0219i lua\u021bi la cuno\u0219tin\u021b\u0103 c\u0103 orice alte acorduri \u00eentre Dumneavoastr\u0103 \u0219i SC Niran Co Products sunt \u00eenlocuite prin prevederile prezentelor Condi\u021bii de Utilizare. Dac\u0103 nu sunte\u021bi de acord sau nu accepta\u021bi, f\u0103r\u0103 limit\u0103ri sau calific\u0103ri, Condi\u021biile de Utilizare ale acestui Site, v\u0103 rug\u0103m s\u0103 p\u0103r\u0103si\u021bi acest Site.<\/p>\n<p><b>2. Proprietatea Con\u021binutului<\/b><\/p>\n<p>Site-ul \u0219i tot ceea ce cuprinde acesta, incluz\u00e2nd f\u0103r\u0103 limitare toate textile \u0219i imaginile (&#8222;Con\u021binut&#8221;) sunt \u00een proprietatea \u0219i sub dreptul de autor (copyright) al SC Niran Co Products. Este strict interzis\u0103 utilizarea oric\u0103rui Con\u021binut, cu excep\u021bia celor prev\u0103zute \u00een Condi\u021biile de Utilizare, f\u0103r\u0103 permisiunea \u00een scris a proprietarului &#8222;Con\u021binutului&#8221;. De asemenea, v\u0103 inform\u0103m c\u0103 SC Niran Co Products \u00ee\u0219i vor asigura \u0219i impune \u00een mod hot\u0103r\u00e2t recunoa\u0219terea drepturilor de proprietate intelectual\u0103 \u00een conformitate cu legile \u00een vigoare, ajung\u00e2nd dac\u0103 este cazul la ac\u021bionarea celor vinovati de \u00eenc\u0103lcarea dreptului de proprietate intelectual\u0103 \u00een judecat\u0103 prin instan\u021bele penale.<\/p>\n<p><b>3. Utilizarea Site-ului<\/b><\/p>\n<p>SC Niran Co Products acord\u0103 permisiunea de a utiliza Site-ul \u00een urm\u0103toarele condi\u021bii: \u2022 pute\u021bi desc\u0103rca Con\u021binutul, \u00eens\u0103 doar pentru folosul personal \u0219i ne-commercial \u0219i cu condi\u021bia de a v\u0103 conforma cu informa\u021biile referitoare la dreptul de autor (copyright) \u0219i alte drepturi de proprietate intelectual\u0103 cuprinse \u00een Con\u021binut; \u2022 nu ave\u021bi permisiunea s\u0103 utiliza\u021bi imagini cu persoane sau locuri din Site f\u0103r\u0103 acordul \u00een scris al SC Niran Co Products \u2022 Con\u021binutul din interiorul Site-ului poate fi reprodus doar \u00een scopuri editorial \u00een ziare, reviste de circula\u021bie general\u0103, publica\u021bii comerciale \u0219i posturi de radio \u0219i televiziune; \u2022 Nu ave\u021bi permisiunea s\u0103 distribui\u021bi, s\u0103 modifica\u021bi, s\u0103 copia\u021bi (cu excep\u021bia celor mai sus men\u021bionate), s\u0103 transmite\u021bi, s\u0103 expune\u021bi, s\u0103 refolosi\u021bi, s\u0103 reproduce\u021bi, s\u0103 publica\u021bi, s\u0103 autoriza\u021bi, s\u0103 acorda\u021bi o licen\u021b\u0103 de folosire, s\u0103 crea\u021bi lucr\u0103ri derivate din, sau s\u0103 transfera\u021bi, s\u0103 vinde\u021bi sau s\u0103 folosi\u021bi Con\u021binutul \u00een alt mod, f\u0103r\u0103 acordul \u00een scris al SC Niran Co Products; \u2022 Este interzis s\u0103 folosi\u021bi Site-ul pentru a afi\u0219a sau transmite orice fel de material ce are caracter amenin\u021b\u0103tor, fals, \u00een\u0219el\u0103tor, abuziv, de h\u0103r\u021buire, licen\u021bios, calomniator, vulgar, obscen, scandalos, instigator, pornografic sau profanator, sau orice alt fel de material care poate constitui sau \u00eencuraja un comportament ce va putea da na\u0219tere unei infrac\u021biuni, sau ar putea conduce la r\u0103spundere civil\u0103, sau ar \u00eenc\u0103lca \u00een alt mod legea. \u2022 SC Niran Co Products va coopera cu oricare dintre autorit\u0103\u021bile desemnate s\u0103 aplice legea \u0219i se va conforma cu orice sentin\u021b\u0103 judec\u0103toreasca prin care se cere sau se ordon\u0103 societ\u0103\u021bii SC Niran Co products s\u0103 dezv\u0103luie identitatea oric\u0103rei persoane care ar afi\u0219a sau transmite orice fel de informa\u021bie sau material de acest fel pe sau prin intermediul Site-ului; \u2022 Este interzis s\u0103 utiliza\u021bi Site-ul \u00een scop de publicitate sau pentru orice fel de cerere\/ofert\u0103 cu caracter comercial.<\/p>\n<p><b>4. Confiden\u021bialitate<\/b><\/p>\n<p>Orice date cu caracter personal precum: numele, adresa, num\u0103rul de telefon sau adresa de e-mail a dumneavoastr\u0103 pe care o transmite\u021bi pe Site prin po\u0219t\u0103 electronic\u0103 sau prin alt\u0103 modalitate vor fi folosite \u00een conformitate cu Politica de Confiden\u021bialitate. (Accesul se face prin Site). Orice alt fel de comunic\u0103ri sau materiale pe care le transmite\u021bi pe acest Site, precum \u00eentreb\u0103ri, comentarii, sugestii sau alte mesaje de acest fel vor fi considerate ca neconfiden\u021biale \u0219i neprotejate de drepturi de proprietate intelectual\u0103 determinate.<\/p>\n<p><b>5. Lipsa garan\u021biilor<\/b><\/p>\n<p>\u00ceNTREG CON\u021aINUTUL ACESTUI SITE POATE FI MODIFICAT \u0218I V\u0102 ESTE OFERIT &#8222;CA ATARE&#8221; F\u0102R\u0102 A SE OFERI NICI O GARAN\u021aIE DE NICI UN FEL, FIE ACEASTA EXPRES\u0102 SAU IMPLICIT\u0102.<\/p>\n<p><b>6. Exonerarea de Raspundere<\/b><\/p>\n<p>UTILIZAREA ACESTUI SITE ESTE \u00ceN TOTALITATE PE CONTUL DUMNEAVOASTR\u0102. SC NIRAN CO PRODUCTS \u0218I FUNC\u021aIONARII, DIRECTORII, AGEN\u021aII SAU ORICE ALT\u0102 PARTE IMPLI\u0102ATA \u00ceN CONCEPEREA, PRODUCEREA SAU OFERIREA SITE-ULUI NU SUNT R\u0102SPUNZ\u0102TOARE PENTRU DAUNE DIRECTE SAU INDIRECTE, DE ORICE NATUR\u0102, CE AR REZULTA DIN SAU \u00ceN LEG\u0102TUR\u0102 CU UTILIZAREA ACESTUI SITE SAU A CON\u021aINUTULUI SAU. SC NIRAN CO PRODUCTS NU \u00ce\u0218I ASUM\u0102 NICIO RESPONSABILITATE \u0218I NU VA FI R\u0102SPUNZ\u0102TOARE PENTRU NICIO DAUN\u0102 SAU VIRU\u0218I CARE AR PUTEA S\u0102 V\u0102 INFECTEZE COMPUTERUL SAU ALTE BUNURI \u00ceN URMA ACCES\u0102RII SAU UTILIZ\u0102RII ACESTUI SITE, SAU DESC\u0102RC\u0102RII ORIC\u0102RUI MATERIAL, INFORMA\u021aII, TEXT, IMAGINI VIDEO SAU AUDIO DE PE ACEST SITE.<\/p>\n<p><b>7. Link-uri pe site-urile unei terte parti<\/b><\/p>\n<p>Site-ul poate con\u021bine link-uri c\u0103tre alte site-uri aflate \u00een proprietatea Sc Niran Co Products. Astfel de link-uri v\u0103 sunt furnizate pentru a le folosi numai dac\u0103 ve\u021bi dori aceasta.<\/p>\n<p><b>8. Revizuiri ale acestor Conditii de Utilizare<\/b><\/p>\n<p>SC Niran Co Poducts poate, \u00een orice moment \u0219i f\u0103r\u0103 notificare prealabil\u0103, s\u0103 revizuiasc\u0103 aceste Condi\u021bii de Utilizare prin actualizarea acestora. Sunte\u021bi obligat s\u0103 respecta\u021bi oricare\u00a0\u0219 toate\u00a0aceste revizuiri \u0219i de aceea va trebui s\u0103 vizita\u021bi aceast\u0103 pagin\u0103 a site-ului nostrum \u00een mod periodic pentru a lua la cuno\u0219tin\u021b\u0103 Condi\u021biile de Utilizare actualizate. Este interzis\u0103 utilizarea acestui site pentru a posta sau transmite orice fel de material ilegal, de amenin\u021bare, fals, \u00een\u0219el\u0103tor, abuziv, de h\u0103r\u021buire, def\u0103im\u0103tor, vulgar, obscen, scandalos, incendiar, pornografic, profan sau orice alt material care ar putea constitui sau \u00eencuraja un comportament care ar putea fi considerat criminal, poate da na\u0219tere responsabilit\u0103\u021bi civile sau \u00eenc\u0103lca vreo lege. Compania va coopera deplin cu orice autorit\u0103\u021bi care aplic\u0103 legea sau orice ordin judiciar care solicit\u0103 sau ordon\u0103 Companiei s\u0103 reveleze identitatea persoanelor care posteaz\u0103 sau transmit astfel de informa\u021bii sau materiale;<br \/>\nUTILIZA\u021aI ACEST SITE PE PROPRIA RESPONSABILITATE. NICI COMPANIA SC NIRAN CO PRODUCTS, NICI SUCURSALELE, AFILIA\u021aII, DIRECTORII SAU MANAGERII, NICI AGEN\u021aII S\u0102I SAU TER\u021aII IMPLICA\u021aI \u00ceN CREAREA, PRODUCEREA SAU LIVRAREA SITE-ULUI NU SUNT RESPONSABILI PENTRU DAUNELE DIRECTE, INDIRECTE, PUNITIVE, INCIDENTALE, SPECIALE, LOGICE SAU ALTE DAUNE LEGATE DE UTILIZAREA ACESTUI SITE SAU A CON\u021aINUTULUI INDIFERENT DAC\u0102 SE REALIZEAZ\u0102 PE BAZA UNUI CONTRACT, RESPONSABILITATE STRICT\u0102 SAU ALT\u0102 MODALITATE, CHIAR CU AVERTIZAREA PRIVIND POSIBILITATEA UNOR ASTFEL DE DAUNE.<\/p>\n<p><b>9. Legisla\u021bie aplicabil\u0103 \u0219i Jurisdic\u021bie<\/b><\/p>\n<p>Aceste Condi\u021bii de Utilizare si utilizarea acestui site sunt guvernate de legile din Rom\u00e2nia. Instan\u021bele competente din Rom\u00e2nia vor avea jurisdic\u021bie exclusiv\u0103 asupra oric\u0103ror \u0219i tuturor disputelor ce vor ap\u0103rea din sau se vor referi la sau vor fi \u00een leg\u0103tur\u0103 cu prevederile Condi\u021biilor de Utilizare \u0219i\/sau Con\u021binutul site-ului sau \u00een cazul disputelor \u00een care aceste Condi\u021bii de Utilizare \u0219i\/sau acest site vor fi considerate fapte relevante pentru astfel de dispute.<\/p>\n<h6><\/h6>\n","protected":false},"excerpt":{"rendered":"<p>www.niran.ro (&#8222;Website&#8222;) apar\u021bine \u00a0Niran Co Products (NIRAN) \u00eenregistrat\u00a0la adresa din \u0218os\u00a0Viilor\u00a019A (Bucure\u0219ti, Rom\u00e2nia),\u00a0CIF: RO6718140,\u00a0num\u0103r de \u00eenregistrare:\u00a0J40\/28260\/1994. 1. Prin utilizarea acestui Site, sunte\u021bi de acord cu aceste condi\u021bii de utilizare Accesul \u0219i utilizarea acestui Site sunt supuse urm\u0103toarelor condi\u021bii de utilizare \u0219i tuturor legilor \u0219i regulamentelor aplicabile. Acces\u00e2nd \u0219i utiliz\u00e2nd Site-ul, accepta\u021bi, f\u0103r\u0103 limit\u0103ri sau calific\u0103ri, [&hellip;]<\/p>\n","protected":false},"author":2,"featured_media":0,"parent":0,"menu_order":0,"comment_status":"closed","ping_status":"closed","template":"","meta":{"_acf_changed":false,"footnotes":""},"class_list":["post-2205","page","type-page","status-publish","hentry"],"acf":[],"_links":{"self":[{"href":"https:\/\/niran.ro\/ro\/wp-json\/wp\/v2\/pages\/2205","targetHints":{"allow":["GET"]}}],"collection":[{"href":"https:\/\/niran.ro\/ro\/wp-json\/wp\/v2\/pages"}],"about":[{"href":"https:\/\/niran.ro\/ro\/wp-json\/wp\/v2\/types\/page"}],"author":[{"embeddable":true,"href":"https:\/\/niran.ro\/ro\/wp-json\/wp\/v2\/users\/2"}],"replies":[{"embeddable":true,"href":"https:\/\/niran.ro\/ro\/wp-json\/wp\/v2\/comments?post=2205"}],"version-history":[{"count":4,"href":"https:\/\/niran.ro\/ro\/wp-json\/wp\/v2\/pages\/2205\/revisions"}],"predecessor-version":[{"id":2588,"href":"https:\/\/niran.ro\/ro\/wp-json\/wp\/v2\/pages\/2205\/revisions\/2588"}],"wp:attachment":[{"href":"https:\/\/niran.ro\/ro\/wp-json\/wp\/v2\/media?parent=2205"}],"curies":[{"name":"wp","href":"https:\/\/api.w.org\/{rel}","templated":true}]}}