{"id":213,"date":"2016-09-12T12:53:16","date_gmt":"2016-09-12T12:53:16","guid":{"rendered":"https:\/\/niran.ro\/site\/despre-niran\/"},"modified":"2017-06-14T09:22:45","modified_gmt":"2017-06-14T09:22:45","slug":"despre-niran","status":"publish","type":"page","link":"https:\/\/niran.ro\/ro\/despre-niran\/","title":{"rendered":"Despre Niran"},"content":{"rendered":"<p>Compania NIRAN a fost \u00eenfiin\u021bat\u0103 \u00een anul 1994, av\u00e2nd ca principal segment de activitate produsele selective \u0219i middle-market \u0219i ac\u021bion\u00e2nd \u00een calitate de distribuitor exclusiv pentru o serie de branduri interna\u021bionale importante.<\/p>\n<p>Unele dintre brandurile pe care le-am administrat \u00eencep\u00e2nd cu anul 1994 fac parte din portofoliul nostru \u0219i \u00een momentul actual,\u00a0 dup\u0103 21 ani de colaborare: GIVENCHY, NINA RICCI, MOSCHINO. \u00cen prezent, Niran este distribuitorul oficial a 17 branduri,\u00a0\u00a0companiile-mam\u0103 fiind colaboratorii no\u0219tri\u00a0direc\u021bi.<\/p>\n","protected":false},"excerpt":{"rendered":"<p>Compania NIRAN a fost \u00eenfiin\u021bat\u0103 \u00een anul 1994, av\u00e2nd ca principal segment de activitate produsele selective \u0219i middle-market \u0219i ac\u021bion\u00e2nd \u00een calitate de distribuitor exclusiv pentru o serie de branduri interna\u021bionale importante. Unele dintre brandurile pe care le-am administrat \u00eencep\u00e2nd cu anul 1994 fac parte din portofoliul nostru \u0219i \u00een momentul actual,\u00a0 dup\u0103 21 ani [&hellip;]<\/p>\n","protected":false},"author":2,"featured_media":1114,"parent":0,"menu_order":0,"comment_status":"closed","ping_status":"closed","template":"template-about.php","meta":{"_acf_changed":false,"footnotes":""},"class_list":["post-213","page","type-page","status-publish","has-post-thumbnail","hentry"],"acf":[],"_links":{"self":[{"href":"https:\/\/niran.ro\/ro\/wp-json\/wp\/v2\/pages\/213","targetHints":{"allow":["GET"]}}],"collection":[{"href":"https:\/\/niran.ro\/ro\/wp-json\/wp\/v2\/pages"}],"about":[{"href":"https:\/\/niran.ro\/ro\/wp-json\/wp\/v2\/types\/page"}],"author":[{"embeddable":true,"href":"https:\/\/niran.ro\/ro\/wp-json\/wp\/v2\/users\/2"}],"replies":[{"embeddable":true,"href":"https:\/\/niran.ro\/ro\/wp-json\/wp\/v2\/comments?post=213"}],"version-history":[{"count":9,"href":"https:\/\/niran.ro\/ro\/wp-json\/wp\/v2\/pages\/213\/revisions"}],"predecessor-version":[{"id":2592,"href":"https:\/\/niran.ro\/ro\/wp-json\/wp\/v2\/pages\/213\/revisions\/2592"}],"wp:featuredmedia":[{"embeddable":true,"href":"https:\/\/niran.ro\/ro\/wp-json\/wp\/v2\/media\/1114"}],"wp:attachment":[{"href":"https:\/\/niran.ro\/ro\/wp-json\/wp\/v2\/media?parent=213"}],"curies":[{"name":"wp","href":"https:\/\/api.w.org\/{rel}","templated":true}]}}