{"id":212,"date":"2016-09-12T12:54:19","date_gmt":"2016-09-12T12:54:19","guid":{"rendered":"https:\/\/niran.ro\/site\/contact\/"},"modified":"2017-06-14T09:02:17","modified_gmt":"2017-06-14T09:02:17","slug":"contact","status":"publish","type":"page","link":"https:\/\/niran.ro\/ro\/contact\/","title":{"rendered":"Contact"},"content":{"rendered":"<p>Ai intrebari despre autenticitatea produselor cosmetice?<br \/>\nContacteaz\u0103-ne dac\u0103 ai vreo \u00eentrebare sau daca vrei s\u0103 ne adresezi o\u00a0sugestie.<br \/>\nAdresa noastr\u0103 este: Sos\u00a0 Viilor Nr 19A, Sector 5, Bucure\u0219ti, Rom\u00e2nia<br \/>\nTel: +40-21-335 03 03 \/ +40-21-335 02 10<br \/>\nEmail: contact@niran.ro<\/p>\n","protected":false},"excerpt":{"rendered":"<p>Ai intrebari despre autenticitatea produselor cosmetice? Contacteaz\u0103-ne dac\u0103 ai vreo \u00eentrebare sau daca vrei s\u0103 ne adresezi o\u00a0sugestie. Adresa noastr\u0103 este: Sos\u00a0 Viilor Nr 19A, Sector 5, Bucure\u0219ti, Rom\u00e2nia Tel: +40-21-335 03 03 \/ +40-21-335 02 10 Email: contact@niran.ro<\/p>\n","protected":false},"author":2,"featured_media":0,"parent":0,"menu_order":0,"comment_status":"closed","ping_status":"closed","template":"template-contact.php","meta":{"_acf_changed":false,"footnotes":""},"class_list":["post-212","page","type-page","status-publish","hentry"],"acf":[],"_links":{"self":[{"href":"https:\/\/niran.ro\/ro\/wp-json\/wp\/v2\/pages\/212","targetHints":{"allow":["GET"]}}],"collection":[{"href":"https:\/\/niran.ro\/ro\/wp-json\/wp\/v2\/pages"}],"about":[{"href":"https:\/\/niran.ro\/ro\/wp-json\/wp\/v2\/types\/page"}],"author":[{"embeddable":true,"href":"https:\/\/niran.ro\/ro\/wp-json\/wp\/v2\/users\/2"}],"replies":[{"embeddable":true,"href":"https:\/\/niran.ro\/ro\/wp-json\/wp\/v2\/comments?post=212"}],"version-history":[{"count":4,"href":"https:\/\/niran.ro\/ro\/wp-json\/wp\/v2\/pages\/212\/revisions"}],"predecessor-version":[{"id":2589,"href":"https:\/\/niran.ro\/ro\/wp-json\/wp\/v2\/pages\/212\/revisions\/2589"}],"wp:attachment":[{"href":"https:\/\/niran.ro\/ro\/wp-json\/wp\/v2\/media?parent=212"}],"curies":[{"name":"wp","href":"https:\/\/api.w.org\/{rel}","templated":true}]}}